{"id":19,"date":"2015-01-27T20:33:10","date_gmt":"2015-01-27T20:33:10","guid":{"rendered":"http:\/\/www.elvisss.com\/?page_id=19"},"modified":"2026-03-30T20:17:24","modified_gmt":"2026-03-30T20:17:24","slug":"resume","status":"publish","type":"page","link":"https:\/\/www.elvisss.com\/?page_id=19","title":{"rendered":"Resume"},"content":{"rendered":"<p><em><span style=\"background: #000000;\">Stimulated by the construction of utopian networks, by the quest of new graphic symbols, their radiation and limits as communication tools. Thrilled by a potential inner monstrosity, sciences and the universe.<br \/>\n(1978, Earth &#8211; 2095, Mars)<\/span><\/em><\/p>\n<hr \/>\n<h1>EXTRA BRAIN<\/h1>\n<p><span style=\"background: #000000;\"><br \/>\n<strong>2026<\/strong><br \/>\nDALIA &#8211; AI Scale with Niels Ackermann, Alexandre Pugin (CH)<br \/>\n<strong>2025<\/strong><br \/>\nClip &#8211; Ville &#038; Etat de Gen\u00e8ve (CH)<br \/>\n<strong>2024<\/strong><br \/>\nClip &#8211; Ville &#038; Etat de Gen\u00e8ve (CH)<br \/>\nFigureS d&rsquo;Exil &#8211; &#038;Co. \/ Glam Chic Prod. (CH)<br \/>\n<strong>2022<\/strong><br \/>\nMUSIC HALL &#8211; &#038;Co. \/ Glam Chic Prod. (CH)<br \/>\n<strong>2016 &#8211; 2018<\/strong><br \/>\nB\u00d6SINESS &#8211; Philippe Wicht \/ B\u00f6se Wicht Zone (CH)<br \/>\nBAD BONN KILLER &#8211; Philippe Wicht \/ B\u00f6se Wicht Zone (CH)<br \/>\nDONJON &#8211; Philippe Wicht \/ B\u00f6se Wicht Zone (CH)<br \/>\nPLAN CUL &#8211; Philippe Wicht \/ B\u00f6se Wicht Zone (CH)<br \/>\n<strong>2013 &#8211; 2020<\/strong><br \/>\nBlack Movie festival (CH)<br \/>\n<strong>2007 &#8211; 2008<\/strong><br \/>\nL&rsquo;Aiglon (CH)<\/span><\/p>\n<hr \/>\n<h1>CURATING<\/h1>\n<p><span style=\"background: #000000;\"><br \/>\n<strong>2024<\/strong><br \/>\nMAKE8ELIEVE #18: CATTLE (with MMM) (CH\/US IL)<br \/>\n<strong>2022<\/strong><br \/>\nMAKE8ELIEVE #17: STARDUST KIDS (with MMM) (CH\/US IL)<br \/>\nM-PARC(O), part II: with E. Montesinos, N. Watzlawick, PAC(O) &#8211; Second Life (Enchanted Isle)<br \/>\nM-PARC(O), part I: with E. Montesinos, N. Watzlawick, PAC(O) &#8211; Do it Garden, M-Parc &#8211; Geneva (CH)<br \/>\n<strong>2021<\/strong><br \/>\nMAKE8ELIEVE SPECIAL#6: INFINITY DANCE (with MMM) (CH\/US IL)<br \/>\nMAKE8ELIEVE #16: TERREUR NOCTURNE (with MMM) (CH\/US IL)<br \/>\n<strong>2020<\/strong><br \/>\nMAKE8ELIEVE #15: BACKYARD (with Michelle M. Murphy) (CH\/US IL)<br \/>\nBRAVES, STAND UP!, Olive &#8211; MAKE8ELIEVE gallery &#8211; Second Life (Bluedrake)<br \/>\nFORBIDDEDEN, J\u00e9r\u00f4me Le Goff &#8211; MAKE8ELIEVE gallery &#8211; Second Life (Park)<br \/>\nTHROUGH ROCKS, Charles Hieronymi &#8211; MAKE8ELIEVE gallery &#8211; Second Life (Park)<br \/>\nMAKE8ELIEVE SPECIAL#5: GUN (with Michelle M. Murphy) (CH\/US NM)<br \/>\n<strong>2019<\/strong><br \/>\nCACKHANDEDKID &#8211; MAKE8ELIEVE gallery &#8211; Second Life (Park)<br \/>\nBRUSSELS PONY CLUB &#8211; 30 Ans De L&rsquo;Usine &#8211; Geneva (CH)<br \/>\nMAKE8ELIEVE #14: THE END (with Michelle M. Murphy) (CH\/US NM)<br \/>\nFILMS DE MINUIT \u00ab\u00a0American Astronaut\u00a0\u00bb, Spoutnik&rsquo;s Carte blanche, Geneva (CH)<br \/>\n<strong>2018<\/strong><br \/>\nBAMMMMMMM III, Foound, Geneva (CH)<br \/>\nMAKE8ELIEVE #13: TITLE OF PROJECT (with Michelle M. Murphy) (CH\/US IL)<br \/>\n<strong>2017<\/strong><br \/>\nMAKE8ELIEVE #12: FAT (with Michelle M. Murphy) (CH\/US IL)<br \/>\nMAKE8ELIEVE #11: HOLE (with Michelle M. Murphy) (CH\/US IL)<br \/>\nMAKE8ELIEVE #10: ROBOTS (with Michelle M. Murphy, Maison d&rsquo;Ailleurs) (CH\/US IL)<br \/>\n<strong>2016<\/strong><br \/>\nMAKE8ELIEVE SPECIAL#4: UNITE (with Michelle M. Murphy) (CH\/US IL)<br \/>\n<strong>2015<\/strong><br \/>\nMAKE8ELIEVE SPECIAL#3: GRIMOIRE (with Michelle M. Murphy) (CH\/US IL)<br \/>\nMAKE8ELIEVE #8: ROTTEN (with M. M. Murphy, Sober &amp; Lonely Inst.) (CH\/US IL\/ZA)<br \/>\nMAKE8ELIEVE #7: GRRR (with Michelle M. Murphy) (CH\/US OH)<br \/>\n<strong>2014<\/strong><br \/>\nMAKE8ELIEVE #6: MOUNTAIN (with Michelle M. Murphy) (CH\/US OH)<br \/>\nMAKE8ELIEVE SPECIAL#2: VAGINA DENTATA (with Michelle M. Murphy) (CH\/US OH)<br \/>\nMAKE8ELIEVE SPECIAL#1: SCOTOPHOBIA (with Michelle M. Murphy) (CH\/US OH)<br \/>\nMAKE8ELIEVE #5: PARTY (with Michelle M. Murphy) (CH\/US OH)<br \/>\n<strong>2013<\/strong><br \/>\nBAMMMMMMM II, Bureau culturel, Geneva (CH)<br \/>\nMAKE8ELIEVE #4: OCD (with Michelle M. Murphy) (CH\/US OH)<br \/>\nMAKE8ELIEVE #3: OIL (with Michelle M. Murphy) (CH\/US OH)<br \/>\n<strong>2012<\/strong><br \/>\nMAKE8ELIEVE #2: LEVITATION (with Michelle M. Murphy) (CH\/US OH)<br \/>\nBAMMMMMMM I, Satellite Brindeau, Le Havre (F)<br \/>\nMAKE8ELIEVE #1: DINOSAURS (with Michelle M. Murphy) (CH\/US OH)<br \/>\n<strong>2010<\/strong><br \/>\nOUTERSPACE II: The American Odyssey (with Michelle M. Murphy) (US OH)<br \/>\nOUTERSPACE I: For the alien of each one of us (CH)<br \/>\n<\/span><\/p>\n<hr \/>\n<h1>SOLO SHOWS<\/h1>\n<p><span style=\"background: #000000;\"><br \/>\n<strong>2020<\/strong><br \/>\nLOVESPELL &#8211; Black Movie festival &#8211; Geneva (CH)<br \/>\nBIENVENUE &#8211; M\u00e2t des Bains des P\u00e2quis, Geneva (CH)<br \/>\nPAN! &#8211; Imprimerie des Arts &#8211; API &#8211; Geneva (CH)<br \/>\n<strong>2019<\/strong><br \/>\nDIG IT PIRATE &#8211; DIG it Records &#8211; Geneva (CH)<br \/>\nTUBULAR BELLS, CINEMA XX &#8211; Black Movie festival &#8211; Geneva (CH)<br \/>\n<strong>2018<\/strong><br \/>\nBIENVENUE &#8211; M\u00e2t des Bains des P\u00e2quis, Geneva (CH)<br \/>\nZILLAS &#8211; MAKE8ELIEVE gallery &#8211; Second Life (Park)<br \/>\nBOSON &amp; LE VIDE COGNITIF &#8211; Black Movie festival &#8211; Geneva (CH)<br \/>\nBIENVENUE &#8211; M\u00e2t gallery &#8211; Neuch\u00e2tel (CH)<br \/>\n<strong>2016<\/strong><br \/>\nPATHMOS &#8211; Make8elieve gallery &#8211; Second Life (SL)<br \/>\nI CAN\u2019T LIVE IF LIVING IS WITHOUT YOU &#8211; Black Movie festival &#8211; Geneva (CH)<br \/>\n<strong>2015<\/strong><br \/>\nBLACK FRIES &#8211; Micro Art Space &#8211; Cleveland (US OH)<br \/>\nINDEPENDENT DEPARTMENT &#8211; Black Movie festival &#8211; Geneva (CH)<br \/>\n<strong>2014<\/strong><br \/>\nTHEY LIVE &#8211; Black Movie festival &#8211; Geneva (CH)<br \/>\n<strong>2013<\/strong><br \/>\nTHE DEADLY SPAWN &#8211; Black Movie festival &#8211; Geneva (CH)<br \/>\n<strong>2012<\/strong><br \/>\nOPEN SEASON &#8211; Everybody\u2019s perfect festival &#8211; Geneva (CH)<br \/>\n<strong>2011<\/strong><br \/>\nREBOOT &#8211; Sitting against homophobia &#8211; Geneva (CH)<br \/>\n<\/span><\/p>\n<hr \/>\n<h1>COLLECTIVE SHOWS\/SCREENINGS<\/h1>\n<p><span style=\"background: #000000;\"><br \/>\n<strong>2024<\/strong><br \/>\nLE BATEAU &#8211; API &#8211; Geneva (CH)<br \/>\n<strong>2023<\/strong><br \/>\n1984-2024 &#8211; HOME OF TMF &#8211; \u00e0Duplex &#8211; Geneva (CH)<br \/>\nLE TROUPEAU A DISPARU ! &#8211; LE TELEPHERIQUE 2 &#8211; API &#8211; Geneva (CH)<br \/>\nSWEAT\u2019N\u2019LOL STONEWALL\u2019\u2019 &#8211; Open End 2, Ren\u00e9gociation &#8211; TMF, DART &#8211; Geneva (CH)<br \/>\n<strong>2022<\/strong><br \/>\nICARES &#8211; La chaise (d&rsquo;Enzo Mari) \u2013 API &#8211; Geneva (CH)<br \/>\n<strong>2019<\/strong><br \/>\n3AM ETERNAL &#8211; TECHNOCULTURE 2 [Man-Machine] \u2013 blueFACTORY, Fribourg (CH)<br \/>\nLA ZONE &#8211; Cin\u00e9ma Ariel \u2013 Mont-Saint-Aignan (F)<br \/>\nPIRATE, GRAY Snack &#8211; Festival Langage &#8211; API &#8211; Geneva (CH)<br \/>\nCHAIR TO SHARE &#8211; Art Auction, L&rsquo;Armoire \u00e0 Couvertures &#8211; Lausanne (CH)<br \/>\n<strong>2018<\/strong><br \/>\nPATHMOS (extract) &#8211; Art post\u00e9 &#8211; Satellite Brindeau &#8211; Le Havre (F)<br \/>\nMAKE HIM DANCE AGAIN &#8211; Ecran libre \u00ab\u00a0Adaptation\u00a0\u00bb &#8211; Spoutnik, Geneva (CH)<br \/>\nCHUTE LIBRE &#8211; Ecran libre \u00ab\u00a0Adaptation\u00a0\u00bb &#8211; Spoutnik, Geneva (CH)<br \/>\nPOURRIE VIVANTE &#8211; Ecran libre \u00ab\u00a0Adaptation\u00a0\u00bb &#8211; Spoutnik, Geneva (CH)<br \/>\nCHESHIRE &#8211; Collection of Ch\u00e2tellerault (F)<br \/>\nCHESHIRE, PATHMOS &#8211; Collection of Poitiers (F)<br \/>\nBIENVENUE &#8211; DAF &#8211; La Reliure, Geneva (CH)<br \/>\n<strong>2016<\/strong><br \/>\nThe Spirit od Christmas Yet to Come &#8211; Espace t\u00e9moin &#8211; Geneva (CH)<br \/>\nRe(-)cr\u00e9ation &#8211; NTN &#8211; Geneva (CH)<br \/>\nFree art sunday 3 &#8211; M. Silva project &#8211; Geneva (CH)<br \/>\nLP Weapon &#8211; N. Gimbert project &#8211; Paris (F)<br \/>\nLA ZONE &#8211; video Library P\u2019Silo \u2013 Marseille (F)<br \/>\n<strong>2015<\/strong><br \/>\nTREE OF THE K. OF GOOD ONLY &#8211; PETIT SWISS, Microcollection \u2013 E. Bollazzi (I), H. Renard (F) \u2013 Z\u00fcrich (CH)<br \/>\n2LAB ANTENNA &#8211; Brite Winter Festival, Ohio City (with Michelle M. Murphy) (US OH)<br \/>\n<strong>2014<\/strong><br \/>\n3AM ETERNAL &#8211; European Heritage Days &#8211; Helsinki (FIN)<br \/>\n3AM ETERNAL &#8211; L\u2019Aiglon \u2013 Geneva (CH)<br \/>\n<strong>2013<\/strong><br \/>\nLA ZONE &#8211; Fear Exhibit &#8211; Project Gallery &#8211; Toronto (CA)<br \/>\nLA ZONE &#8211; L\u2019Autre Caf\u00e9 &#8211; Roche Qui Boit &#8211; St Laurent de Terregatte (F)<br \/>\n<strong>2012<\/strong><br \/>\nREBOOT &#8211; ARSPOLIS #2 &#8211; Lugano (CH)<br \/>\nSTOP &#8211; Sober &amp; Lonely\u2019s Institute &#8211; Johannesburg (ZA)<br \/>\nMENKAR &#8211; Billboard Art Project &#8211; Albany (US NY)<br \/>\nREBOOT &#8211; C\u2019est la nuit qu\u2019il est beau de croire \u00e0 la lumi\u00e8re \u2013 Fort de Chillon \u2013 Montreux (CH)<br \/>\n3AM ETERNAL &#8211; J.M. Reynier, M. Balmelli, F. Gianola project &#8211; Galerie Fafa Fine-art &#8211; Lugano (CH)<br \/>\nREBOOT &#8211; installation &#8211; Chameaux noeuds longs&#8230; &#8211; L\u2019Usine &#8211; Geneva (CH)<br \/>\nLA ZONE &#8211; Tranches de Quai #17 &#8211; ESAM, LE QUAI &#8211; Mulhouse (F)<br \/>\n<strong>2011<\/strong><br \/>\nMENKAR &#8211; ENFANCES 2 &#8211; Satellite Brindeau &#8211; Le Havre (F)<br \/>\nOXYDATIONS &#8211; ENFANCES 2 &#8211; S. Brindeau &#8211; Le Havre (F)<br \/>\nMENKAR &#8211; 2099 D.C. &#8211; True Love Art &#8211; Savona (I)<br \/>\nMENKAR &#8211; 2099 D.C. &#8211; L.S.O.A. Buridda &#8211; Genova (I)<br \/>\nV-SIGN &#8211; 1m sticker &#8211; RATHANIA\u2019S &#8211; Rath Museum &#8211; Geneva (CH)<br \/>\nMets\u00e4 Nuolia &#8211; Satellite Platform &#8211; H\u00e4meenkyr\u00f6 (FIN)<br \/>\nScreeches &#8211; N\u00e4kym\u00e4 &#8211; Akaa (FIN)<br \/>\nYOUTRIBE &#8211; Mapping Fest. &#8211; with The Montesinos F. &#8211; B\u00e2timent d\u2019Art Contemporain \/ BAC &#8211; Geneva (CH)<br \/>\nEating Death &#8211; Live in your Bread &#8211; Broom Social Club &#8211; Geneva (CH)<br \/>\nMets\u00e4 Nuolia (Arrows Study) &#8211; Satellite Platform &#8211; H\u00e4meenkyr\u00f6 (FIN)<br \/>\n<strong>2010<\/strong><br \/>\nOXYDATIONS &#8211; ENFANCES &#8211; Satellite Brindeau &#8211; Le Havre (F)<br \/>\nAbaddon drawings &#8211; Pray now and avoid the Xmas rush &#8211; Galerie Douzesurdouze &#8211; Lancy (CH)<br \/>\nEating Death &#8211; Pray now and avoid the Xmas rush &#8211; Galerie Douzesurdouze &#8211; Lancy (CH)<br \/>\nV-SIGN giant stickers &#8211; Pray now and avoid the Xmas rush &#8211; Galerie Douzesurdouze &#8211; Lancy (CH)<br \/>\nV-SIGNED &#8211; video &#8211; OUTERSPACE &#8211; Cleveland (US OH)<br \/>\nV-SIGN &#8211; 1m sticker &#8211; OUTERSPACE &#8211; Cleveland (US OH)<br \/>\nRymund &amp; Daphnee (D. Ducruet) &#8211; 14e Quinzaine Photog. Nantaise (F)<br \/>\nPOURRIE VIVANTE &#8211; ORANGE DANGER &#8211; Sat. Brindeau &#8211; Le Havre (F)<br \/>\neasyGet &#8211; ORANGE DANGER &#8211; Sat. Brindeau &#8211; Le Havre (F)<br \/>\nScreeches &#8211; OUTERSPACE &#8211; Agent Double &#8211; Geneva (CH)<br \/>\n3AM ETERNAL &#8211; Festival Electron : Salle des f\u00eates &#8211; with The Montesinos F. &#8211; B\u00e2timent d\u2019Art Contemporain \/ BAC &#8211; Geneva (CH)<br \/>\nMaps &#8211; Brite Winter Festival &#8211; Hart Crane Memorial Park &#8211; Cleveland (US OH)<br \/>\n<strong>2003-2009<\/strong><br \/>\nJumpy &#8211; Festival UN SON PAR LA &#8211; N\u00eemes (F)<br \/>\nGALA &#8211; Optica Festival &#8211; Paris, Gijon, Madrid (E)<br \/>\nBunch of broutes &#8211; La Nuit Blanche &#8211; Institut Cervant\u00e8s &#8211; Paris (F)<br \/>\nCommunaut\u00e9 d\u2019Elvisss &#8211; MONOCHROME &#8211; INCIDENT.NET &#8211; Paris (F)<br \/>\nGALA &#8211; WHOOPEE Festival &#8211; Le Havre (F)<br \/>\nXamilc &#8211; WHOOPEE Festival &#8211; Le Havre (F)<br \/>\nTrickoficon.com &#8211; Web Flash Festival Floril\u00e8ge2008 &#8211; Centre Pompidou &#8211; Paris (F)<br \/>\nBunch of broutes &#8211; Optica Festival &#8211; Gijon (E)<br \/>\nOscillations 15 \u00e0 19, 31 &#8211; Sat. Brindeau &#8211; Le Havre (F)<br \/>\nLes Broutes &#8211; Sat. Brindeau &#8211; Le Havre (F)<br \/>\nLa peau d\u2019Elvisss &#8211; Sat. Brindeau &#8211; Le Havre (F)<br \/>\nSt MM &#8211; Sat. Brindeau &#8211; Le Havre (F)<br \/>\n9 nights in Verneusses &#8211; Sat. Brindeau &#8211; Le Havre (F)<br \/>\nVous pouvez entrer &#8211; Terrasse du troc &#8211; Geneva (CH)<br \/>\nLa Communaut\u00e9 d\u2019Elvisss &#8211; Condominium, Showroom alternatif et permanent (Christophe Wlaeminck) &#8211; Lille (F)<br \/>\nAmoureux &#8211; Bandit-Mages &#8211; Festival International d\u2019art vid\u00e9o de Bourges (F)<br \/>\nOrgasme &#8211; Bandit-Mages &#8211; Festival International d\u2019art vid\u00e9o de Bourges (F)<br \/>\nF\u00e9condation &#8211; Bandit-Mages &#8211; Festival International d\u2019art vid\u00e9o de Bourges (F)<br \/>\nFurby chante Saez &#8211; Bandit-Mages &#8211; Festival International d\u2019art vid\u00e9o de Bourges (F)<br \/>\n<\/span><\/p>\n<hr \/>\n<h1>STICKERS SPREAD<\/h1>\n<p><span style=\"background: #000000;\"><br \/>\nBureau culturel &#8211; Geneva (CH)<br \/>\nDig It Records &#8211; Geneva (CH)<br \/>\nBIG &#8211; Geneva (CH)<br \/>\nB\u00e9n\u00e9diction des Motards &#8211; Eglise de Saint-Joseph &#8211; Geneva (CH)<br \/>\nSTICK AROUND 1 &amp; 2 &#8211; Garajul Ciclop &#8211; Bucharest (RO)<br \/>\nCola Aqui! &#8211; Mar\u00edlia, Sao Paolo (BR) \/ New Delhi (IN)<br \/>\nSticker Jam &#8211; Sao Paulo (BR)<br \/>\nSkye &#8211; Morelia (MX)<br \/>\nEspinafre Stickers &#8211; Sao Paulo (BR)<br \/>\nBODY BOMBING &#8211; Sun City (US CA)<br \/>\n..There\u2019s more! &#8211; Brunswick, Melbourne (AUS)<br \/>\nSTICK\u2019AZZ &#8211; San Donato di Lecce (I)<br \/>\nBring your black book &#8211; Newhall (US CA)<br \/>\nStick core &#8211; Idrawalot Gal. &amp; Showroom &#8211; Berlin (D)<br \/>\nSLAPOCALYPSE &#8211; Oakland (US CA)<br \/>\nSTICK OF IT ALL &#8211; Bilbao (SP)<br \/>\nIn Your Face &#8211; Augsburg (DE)<br \/>\nLiberARTI Street Art Fest. in Montaione &#8211; Firenze (I)<br \/>\nMapping Festival &#8211; Gen\u00e8ve (CH)<br \/>\nMilk Shake Agency &#8211; Gen\u00e8ve (CH)<br \/>\nOUTERSPACE artshows &#8211; Gen\u00e8ve (CH)<br \/>\n<\/span><\/p>\n<hr \/>\n<h1>SOUNDS\/RADIO PLAYED<\/h1>\n<p><span style=\"background: #000000;\"><br \/>\n<strong>2026<\/strong><br \/>\nM\u00e6gm\u00e6 &#8211; Echoes of Us &#8211; Album<br \/>\n<strong>2025<\/strong><br \/>\nM\u00e6gm\u00e6 &#8211; Habibarium &#8211; Album<br \/>\nClassrooms &#8211; Album<br \/>\nPost Liminal &#8211; Album<br \/>\nM\u00e6gm\u00e6 &#8211; Gateway Beyond &#8211; Album<br \/>\n<strong>2024<\/strong><br \/>\nM\u00e6gm\u00e6 &#8211; M\u00e6gm\u00e6 &#8211; Album<br \/>\n<strong>2020<\/strong><br \/>\nMusic for the living dead plants &#8211; Album<br \/>\n<strong>2015<\/strong><br \/>\nBLACK STONE &#8211; BOF &#8211; Gyeong-Tae Roh\u2018s film (KR)<br \/>\n<strong>2014<\/strong><br \/>\nB &#8211; Album<br \/>\n<strong>2012<\/strong><br \/>\nUn point c\u2019est tout! with CC &#8211; Live &#8211; Le Th\u00e9\u00e2tre de Verre &#8211; Paris (F)<br \/>\nUn point c\u2019est tout! with CC &#8211; Live &#8211; ESAM, LE QUAI &#8211; Mulhouse (F)<br \/>\nLA ZONE &#8211; BOF with Plexus, Y. R\u00e9jasse, The City And Horses (F\/CH\/US-NY)<br \/>\n<strong>2011<\/strong><br \/>\nContretypes &#8211; Live &#8211; Simples Mortels &#8211; L\u2019Autre Caf\u00e9 (F)<br \/>\n\u00c0 la lisi\u00e8re du r\u00e9el &#8211; soundtrack &#8211; J. Le Goff &amp; S. Lebel &#8211; Rouen (F)<br \/>\nMatkailu yl\u00f6sp\u00e4in &#8211; Live &#8211; Satellite Platform &#8211; H\u00e4meenkyr\u00f6 (FIN)<br \/>\nFrom Planet Korg &#8211; 2 episodes &#8211; OneFM Radio &#8211; with The Montesinos F. (CH)<br \/>\n<strong>2010<\/strong><br \/>\nMoon Voodoo with A. Khassim (MS) &#8211; Music Album<br \/>\nYuri &#8211; Album<br \/>\nPaysage Canalis\u00e9 with Y. Amstutz :<br \/>\nLive &#8211; ECAV, Art School &#8211; Sierre (CH)<br \/>\nLive &#8211; PLATTFON + STAMPA Gallery &#8211; Basel (CH)<br \/>\nLive &#8211; ACT10 &#8211; Galerie Live in your Head &#8211; Gen\u00e8ve (CH)<br \/>\nLive &#8211; ACT10 &#8211; ZHdK, Kunsthof &#8211; Z\u00fcrich (CH)<br \/>\nLive &#8211; ACT10 &#8211; HSLU, Erfrischungsraum &#8211; Luzern (CH)<br \/>\nLive &#8211; OUTERSPACE &#8211; Agent Double &#8211; Gen\u00e8ve (CH)<br \/>\nContretypes &#8211; Live &#8211; OUTERSPACE &#8211; Agent Double &#8211; Gen\u00e8ve (CH)<br \/>\nAstrolab &#8211; 3 Singles pour vid\u00e9o de J\u00e9r\u00f4me Le Goff &#8211; Le Havre (F)<br \/>\n<strong>2009<\/strong><br \/>\nCorps &#8211; Single pour vid\u00e9o de Delphine Touzet &#8211; Paris (F)<br \/>\n<strong>2008<\/strong><br \/>\nI.L.B.I.K.S. &#8211; Album<br \/>\nOoa &#8211; Album videos from J\u00e9r\u00f4me Le Goff &#8211; Le Havre (F)<br \/>\nArsenichichi &#8211; Album for a performance of the Chichi-Fregi Col. of art-food exp. &#8211; Gen\u00e8ve (CH)<br \/>\nCroixade &#8211; Album<br \/>\n<strong>2007<\/strong><br \/>\nSound for \u00abin fine ty 13\u00bb and \u00abFeline soul\u00bb videos from Kennedy James &#8211; Paris\/New-York (F\/US NY)<br \/>\nAngels &#8211; Single for a performance \u00abKate Chup\u00bb from J\u00e9r\u00f4me Le Goff &#8211; Le Havre (F)<br \/>\n<strong>2006<\/strong><br \/>\nLa peau des fesses &#8211; Single for a video from J\u00e9r\u00f4me Le Goff &#8211; Le Havre (F)<br \/>\nOmbre 03 &#8211; Single for a video installation from Charlie JOUVET &#8211; Paris (F)<br \/>\nOeil Rouge &#8211; Album<br \/>\nMit Pumpe &#8211; Album<br \/>\n<strong>2005<\/strong><br \/>\nnormandia &#8211; Album &#8211; Verneusses (F)<br \/>\nT.B.I.G. &#8211; Album<br \/>\n<strong>2004<\/strong><br \/>\nR\u00e9p\u00e9ti&#8230;titif &#8211; Album<br \/>\n<\/span><\/p>\n<hr \/>\n<h1>PRINTED<\/h1>\n<p><span style=\"background: #000000;\"><br \/>\n<strong>2025<\/strong><br \/>\nLa Truite #3 &#8211; Atelier Rond Bleu &#8211; Geneva (CH)<br \/>\n<strong>2023<\/strong><br \/>\nBAD, BAD, BAAAD\u2026 &#8211; Geneva (CH)<br \/>\n<strong>2019<\/strong><br \/>\nCOMBO &#8211; MICRODISTRO, BIG &#8211; Geneva (CH)<br \/>\nWOOL CONDOM &#8211; Sports d&rsquo;hiver &#8211; For\u00eat Noire\u2019s sisters &#8211; TOPIC (CH)<br \/>\n<strong>2018<\/strong><br \/>\nBILL &#8211; UNION TMF 24\/7 &#8211; Halles Nord (CH)<br \/>\nCACOMORPHOBIA &#8211; Pique Nique &#8211; For\u00eat Noire\u2019s sisters (CH)<br \/>\n<strong>2016<\/strong><br \/>\nFAT &#8211; Make8elieve (CH\/US IL)<br \/>\nPATHMOS &#8211; Les \u00e9ditions du Petit O (CH)<br \/>\n<strong>2015<\/strong><br \/>\nCover &#8211; Magazine Go Out! &#8211; Gen\u00e8ve (CH)<br \/>\nArt partner &#8211; Magazine 360\u00b0 &#8211; Gen\u00e8ve (CH)<br \/>\n<strong>2014<\/strong><br \/>\nVAGINA DENTATARTE &#8211; \u00abEat it\u00bb &#8211; 360\u00b0 &#8211; Gen\u00e8ve (CH)<br \/>\nWALK THE PUG &#8211; indept. limited edition (CH)<br \/>\nArt partner &#8211; Magazine 360\u00b0 &#8211; Gen\u00e8ve (CH)<br \/>\n<strong>2013<\/strong><br \/>\nArt partner &#8211; Magazine 360\u00b0 &#8211; Gen\u00e8ve (CH)<br \/>\n<strong>2012<\/strong><br \/>\nREBOOT THE UNIVERSE &#8211; Portfolio &#8211; 360\u00b0 &#8211; Gen\u00e8ve (CH)<br \/>\nMONSTER TALES &#8211; RUNBOOK &#8211; Moselle (F)<br \/>\nV-SIGN (6PACK version) &#8211; The Littlest &#8211; Portland (US OR)<br \/>\nArt partner &#8211; Magazine 360\u00b0 &#8211; Gen\u00e8ve (CH)<br \/>\n<strong>2011<\/strong><br \/>\nPLAYA &#8211; dat\u00e9 postcard &#8211; Geneva (CH)<br \/>\nV-SIGN Stickers &#8211; LiberARTI Street Art Festival 2011 in Montaione &#8211; Firenze (I)<br \/>\nMonster tales n\u00b02 &#8211; A5 \u00abHOME\u00bb &#8211; Tel-Aviv (IL)<br \/>\nMonster tales n\u00b01 &#8211; L\u2019INCIDENT n\u00b01 \u00abEverything is irradiated\u00bb &#8211; Paris (F)<br \/>\nV-SIGN &#8211; START n\u00b010 &#8211; Milkshake Agency &#8211; Gen\u00e8ve (CH)<br \/>\n<strong>2009<\/strong><br \/>\nWonder Stick-Boy &#8211; Dualit\u00e9 n\u00b03 &#8211; Paris (F)<br \/>\n<strong>2004<\/strong><br \/>\nAutoportrait \u00e0 l\u2019ectoplasme, Je, tu, il &#8211; Bil Bo K, Hors s\u00e9rie n\u00b01 : Les M\u00e9tamorphoses &#8211; N\u00b0 sp\u00e9cial Lille 2004, Capitale Culturelle de l\u2019Europe (F)<br \/>\nPeaux &#8211; Parade n\u00b04 Hors s\u00e9rie : un pas de nuit et autres nouvelles &#8211; Beaux-Arts de Lille (F)<br \/>\n<strong>2003<\/strong><br \/>\nSortant ! &#8211; Parade n\u00b03 : Aimer \u00e7a, Beaux-Arts de Lille (F)<br \/>\nRemove &#8211; Parade n\u00b02 &amp; Hors s\u00e9rie : Un m\u00eame temps, un m\u00eame lieu &#8211; Beaux-Arts de Lille (F)<br \/>\n<\/span><\/p>\n<hr \/>\n<h1>RESIDENCIES<\/h1>\n<p><span style=\"background: #000000;\"><br \/>\n<strong>2015<\/strong><br \/>\nCoutellerie &#8211; Cenon sur Vienne &#8211; Paris (F)<br \/>\n<strong>2013<\/strong><br \/>\nS.B.K., Blockhaus &#8211; Sal\u00e8ve (F)<br \/>\n<strong>2012<\/strong><br \/>\nS.B.K., Danse macabre &#8211; Sal\u00e8ve (F)<br \/>\n<strong>2011<\/strong><br \/>\nSimples Mortels &#8211; L\u2019Autre Caf\u00e9 &#8211; St Laurent de Terregatte (F)<br \/>\nArteles &#8211; H\u00e4meenkyr\u00f6 (FIN)<br \/>\n<strong>2010<\/strong><br \/>\nSpace &#8211; Cleveland (US OH)<br \/>\nSquashteam7 &#8211; Brooklyn (US NY)<br \/>\n<strong>2009<\/strong><br \/>\nMotel Party &#8211; Lakewood (US OH)<br \/>\nSquashteam6 &#8211; Costa Brava (E)<br \/>\n<strong>2008<\/strong><br \/>\nFakeoff &#8211; WIELS &#8211; Bruxelles (B)<br \/>\nSquashTeam5 &#8211; Cleveland (US OH)<br \/>\n<strong>2007<\/strong><br \/>\nSquashTeam4 &#8211; Normandie (F)<br \/>\nSquashTeam3 &#8211; Geneva (CH)<br \/>\n<strong>2006<\/strong><br \/>\nSous le soleil exactement &#8211; Sat. Brindeau, Normandie (F)<br \/>\nSquashTeam2 &#8211; Normandie (F)<br \/>\n<strong>2005<\/strong><br \/>\nSquashTeam &#8211; Normandie (F)<br \/>\n<\/span><\/p>\n","protected":false},"excerpt":{"rendered":"<p class=\"excerpt\">Stimulated by the construction of utopian networks, by the quest of new graphic symbols, their radiation and limits as communication tools. Thrilled by a potential inner monstrosity, sciences and the&hellip; <span class=\"more-link\">la suite<\/span><\/p>\n","protected":false},"author":1,"featured_media":0,"parent":0,"menu_order":1,"comment_status":"closed","ping_status":"open","template":"","meta":{"footnotes":""},"class_list":["post-19","page","type-page","status-publish","hentry"],"jetpack_sharing_enabled":true,"_links":{"self":[{"href":"https:\/\/www.elvisss.com\/index.php?rest_route=\/wp\/v2\/pages\/19","targetHints":{"allow":["GET"]}}],"collection":[{"href":"https:\/\/www.elvisss.com\/index.php?rest_route=\/wp\/v2\/pages"}],"about":[{"href":"https:\/\/www.elvisss.com\/index.php?rest_route=\/wp\/v2\/types\/page"}],"author":[{"embeddable":true,"href":"https:\/\/www.elvisss.com\/index.php?rest_route=\/wp\/v2\/users\/1"}],"replies":[{"embeddable":true,"href":"https:\/\/www.elvisss.com\/index.php?rest_route=%2Fwp%2Fv2%2Fcomments&post=19"}],"version-history":[{"count":177,"href":"https:\/\/www.elvisss.com\/index.php?rest_route=\/wp\/v2\/pages\/19\/revisions"}],"predecessor-version":[{"id":6438,"href":"https:\/\/www.elvisss.com\/index.php?rest_route=\/wp\/v2\/pages\/19\/revisions\/6438"}],"wp:attachment":[{"href":"https:\/\/www.elvisss.com\/index.php?rest_route=%2Fwp%2Fv2%2Fmedia&parent=19"}],"curies":[{"name":"wp","href":"https:\/\/api.w.org\/{rel}","templated":true}]}}